{"id":46420,"date":"2023-09-10T19:11:14","date_gmt":"2023-09-10T19:11:14","guid":{"rendered":"https:\/\/planetaexo.com\/trips\/avaliacoes\/"},"modified":"2024-07-26T14:41:46","modified_gmt":"2024-07-26T14:41:46","slug":"avaliacoes","status":"publish","type":"page","link":"https:\/\/planetaexo.com\/trips\/pt\/avaliacoes\/","title":{"rendered":"Avalia\u00e7\u00f5es"},"content":{"rendered":"\t\t<div data-elementor-type=\"wp-page\" data-elementor-id=\"46420\" class=\"elementor elementor-46420 elementor-7473\">\n\t\t\t\t<div class=\"elementor-element elementor-element-adbadb7 e-flex e-con-boxed e-con e-parent\" data-id=\"adbadb7\" data-element_type=\"container\" data-settings=\"{&quot;background_background&quot;:&quot;slideshow&quot;,&quot;background_slideshow_gallery&quot;:[],&quot;background_slideshow_loop&quot;:&quot;yes&quot;,&quot;background_slideshow_slide_duration&quot;:5000,&quot;background_slideshow_slide_transition&quot;:&quot;fade&quot;,&quot;background_slideshow_transition_duration&quot;:500}\">\n\t\t\t\t\t<div class=\"e-con-inner\">\n\t\t\t\t<div class=\"elementor-element elementor-element-0ce413f elementor-widget elementor-widget-heading\" data-id=\"0ce413f\" data-element_type=\"widget\" data-widget_type=\"heading.default\">\n\t\t\t\t<div class=\"elementor-widget-container\">\n\t\t\t<h2 class=\"elementor-heading-title elementor-size-default\">AVALIA\u00c7\u00d5ES<\/h2>\t\t<\/div>\n\t\t\t\t<\/div>\n\t\t\t\t<div class=\"elementor-element elementor-element-9d4ba5c elementor-widget elementor-widget-text-editor\" data-id=\"9d4ba5c\" data-element_type=\"widget\" data-widget_type=\"text-editor.default\">\n\t\t\t\t<div class=\"elementor-widget-container\">\n\t\t\t\t\t\t\t<p>O que os clientes est\u00e3o dizendo sobre nossas aventuras<\/p>\n\t\t\t\t\t\t<\/div>\n\t\t\t\t<\/div>\n\t\t\t\t\t<\/div>\n\t\t\t\t<\/div>\n\t\t<div class=\"elementor-element elementor-element-708d8e9 e-flex e-con-boxed e-con e-parent\" data-id=\"708d8e9\" data-element_type=\"container\" data-settings=\"{&quot;background_background&quot;:&quot;slideshow&quot;,&quot;background_slideshow_gallery&quot;:[],&quot;background_slideshow_loop&quot;:&quot;yes&quot;,&quot;background_slideshow_slide_duration&quot;:5000,&quot;background_slideshow_slide_transition&quot;:&quot;fade&quot;,&quot;background_slideshow_transition_duration&quot;:500}\">\n\t\t\t\t\t<div class=\"e-con-inner\">\n\t\t\t\t<div class=\"elementor-element elementor-element-195f5f1 elementor-widget elementor-widget-shortcode\" data-id=\"195f5f1\" data-element_type=\"widget\" data-widget_type=\"shortcode.default\">\n\t\t\t\t<div class=\"elementor-widget-container\">\n\t\t\t\t\t<div class=\"elementor-shortcode\">\n          \n        <\/div>\n\t\t\t\t<\/div>\n\t\t\t\t<\/div>\n\t\t\t\t\t<\/div>\n\t\t\t\t<\/div>\n\t\t<div class=\"elementor-element elementor-element-73f2376 e-flex e-con-boxed e-con e-parent\" data-id=\"73f2376\" data-element_type=\"container\">\n\t\t\t\t\t<div class=\"e-con-inner\">\n\t\t\t\t\t<\/div>\n\t\t\t\t<\/div>\n\t\t\t\t<\/div>\n\t\t","protected":false},"excerpt":{"rendered":"<p>AVALIA\u00c7\u00d5ES O que os clientes est\u00e3o dizendo sobre nossas aventuras<\/p>\n","protected":false},"author":3,"featured_media":0,"parent":0,"menu_order":0,"comment_status":"closed","ping_status":"closed","template":"elementor_header_footer","meta":{"_acf_changed":false,"content-type":"","footnotes":"","_links_to":"","_links_to_target":""},"class_list":["post-46420","page","type-page","status-publish","hentry","travel-monster-post","no-post-thumbnail","latest_post"],"acf":[],"yoast_head":"<!-- This site is optimized with the Yoast SEO Premium plugin v22.8 (Yoast SEO v25.6) - https:\/\/yoast.com\/wordpress\/plugins\/seo\/ -->\n<title>Avalia\u00e7\u00f5es de clientes - PlanetaEXO<\/title>\n<meta name=\"description\" content=\"D\u00ea uma olhada no que os clientes de todo o mundo t\u00eam a dizer sobre suas aventuras com o PlanetaEXO.\" \/>\n<meta name=\"robots\" content=\"index, follow, max-snippet:-1, max-image-preview:large, max-video-preview:-1\" \/>\n<link rel=\"canonical\" href=\"https:\/\/planetaexo.com\/trips\/pt\/avaliacoes\/\" \/>\n<meta property=\"og:locale\" content=\"pt_BR\" \/>\n<meta property=\"og:type\" content=\"article\" \/>\n<meta property=\"og:title\" content=\"Avalia\u00e7\u00f5es\" \/>\n<meta property=\"og:description\" content=\"D\u00ea uma olhada no que os clientes de todo o mundo t\u00eam a dizer sobre suas aventuras com o PlanetaEXO.\" \/>\n<meta property=\"og:url\" content=\"https:\/\/planetaexo.com\/trips\/pt\/avaliacoes\/\" \/>\n<meta property=\"og:site_name\" content=\"PlanetaEXO\" \/>\n<meta property=\"article:modified_time\" content=\"2024-07-26T14:41:46+00:00\" \/>\n<meta name=\"twitter:card\" content=\"summary_large_image\" \/>\n<script type=\"application\/ld+json\" class=\"yoast-schema-graph\">{\"@context\":\"https:\/\/schema.org\",\"@graph\":[{\"@type\":\"WebPage\",\"@id\":\"https:\/\/planetaexo.com\/trips\/pt\/avaliacoes\/\",\"url\":\"https:\/\/planetaexo.com\/trips\/pt\/avaliacoes\/\",\"name\":\"Avalia\u00e7\u00f5es de clientes - PlanetaEXO\",\"isPartOf\":{\"@id\":\"https:\/\/planetaexo.com\/trips\/pt\/#website\"},\"datePublished\":\"2023-09-10T19:11:14+00:00\",\"dateModified\":\"2024-07-26T14:41:46+00:00\",\"description\":\"D\u00ea uma olhada no que os clientes de todo o mundo t\u00eam a dizer sobre suas aventuras com o PlanetaEXO.\",\"breadcrumb\":{\"@id\":\"https:\/\/planetaexo.com\/trips\/pt\/avaliacoes\/#breadcrumb\"},\"inLanguage\":\"pt-BR\",\"potentialAction\":[{\"@type\":\"ReadAction\",\"target\":[\"https:\/\/planetaexo.com\/trips\/pt\/avaliacoes\/\"]}]},{\"@type\":\"BreadcrumbList\",\"@id\":\"https:\/\/planetaexo.com\/trips\/pt\/avaliacoes\/#breadcrumb\",\"itemListElement\":[{\"@type\":\"ListItem\",\"position\":1,\"name\":\"Home\",\"item\":\"https:\/\/planetaexo.com\/trips\/pt\/\"},{\"@type\":\"ListItem\",\"position\":2,\"name\":\"Avalia\u00e7\u00f5es\"}]},{\"@type\":\"WebSite\",\"@id\":\"https:\/\/planetaexo.com\/trips\/pt\/#website\",\"url\":\"https:\/\/planetaexo.com\/trips\/pt\/\",\"name\":\"PlanetaEXO\",\"description\":\"Live an Adventure\",\"publisher\":{\"@id\":\"https:\/\/planetaexo.com\/trips\/pt\/#organization\"},\"potentialAction\":[{\"@type\":\"SearchAction\",\"target\":{\"@type\":\"EntryPoint\",\"urlTemplate\":\"https:\/\/planetaexo.com\/trips\/pt\/?s={search_term_string}\"},\"query-input\":{\"@type\":\"PropertyValueSpecification\",\"valueRequired\":true,\"valueName\":\"search_term_string\"}}],\"inLanguage\":\"pt-BR\"},{\"@type\":\"Organization\",\"@id\":\"https:\/\/planetaexo.com\/trips\/pt\/#organization\",\"name\":\"PlanetaEXO\",\"url\":\"https:\/\/planetaexo.com\/trips\/pt\/\",\"logo\":{\"@type\":\"ImageObject\",\"inLanguage\":\"pt-BR\",\"@id\":\"https:\/\/planetaexo.com\/trips\/pt\/#\/schema\/logo\/image\/\",\"url\":\"https:\/\/planetaexo.com\/trips\/wp-content\/uploads\/2026\/03\/planetaexo_logo-_1_.png\",\"contentUrl\":\"https:\/\/planetaexo.com\/trips\/wp-content\/uploads\/2026\/03\/planetaexo_logo-_1_.png\",\"width\":400,\"height\":364,\"caption\":\"PlanetaEXO\"},\"image\":{\"@id\":\"https:\/\/planetaexo.com\/trips\/pt\/#\/schema\/logo\/image\/\"}}]}<\/script>\n<!-- \/ Yoast SEO Premium plugin. -->","yoast_head_json":{"title":"Avalia\u00e7\u00f5es de clientes - PlanetaEXO","description":"D\u00ea uma olhada no que os clientes de todo o mundo t\u00eam a dizer sobre suas aventuras com o PlanetaEXO.","robots":{"index":"index","follow":"follow","max-snippet":"max-snippet:-1","max-image-preview":"max-image-preview:large","max-video-preview":"max-video-preview:-1"},"canonical":"https:\/\/planetaexo.com\/trips\/pt\/avaliacoes\/","og_locale":"pt_BR","og_type":"article","og_title":"Avalia\u00e7\u00f5es","og_description":"D\u00ea uma olhada no que os clientes de todo o mundo t\u00eam a dizer sobre suas aventuras com o PlanetaEXO.","og_url":"https:\/\/planetaexo.com\/trips\/pt\/avaliacoes\/","og_site_name":"PlanetaEXO","article_modified_time":"2024-07-26T14:41:46+00:00","twitter_card":"summary_large_image","schema":{"@context":"https:\/\/schema.org","@graph":[{"@type":"WebPage","@id":"https:\/\/planetaexo.com\/trips\/pt\/avaliacoes\/","url":"https:\/\/planetaexo.com\/trips\/pt\/avaliacoes\/","name":"Avalia\u00e7\u00f5es de clientes - PlanetaEXO","isPartOf":{"@id":"https:\/\/planetaexo.com\/trips\/pt\/#website"},"datePublished":"2023-09-10T19:11:14+00:00","dateModified":"2024-07-26T14:41:46+00:00","description":"D\u00ea uma olhada no que os clientes de todo o mundo t\u00eam a dizer sobre suas aventuras com o PlanetaEXO.","breadcrumb":{"@id":"https:\/\/planetaexo.com\/trips\/pt\/avaliacoes\/#breadcrumb"},"inLanguage":"pt-BR","potentialAction":[{"@type":"ReadAction","target":["https:\/\/planetaexo.com\/trips\/pt\/avaliacoes\/"]}]},{"@type":"BreadcrumbList","@id":"https:\/\/planetaexo.com\/trips\/pt\/avaliacoes\/#breadcrumb","itemListElement":[{"@type":"ListItem","position":1,"name":"Home","item":"https:\/\/planetaexo.com\/trips\/pt\/"},{"@type":"ListItem","position":2,"name":"Avalia\u00e7\u00f5es"}]},{"@type":"WebSite","@id":"https:\/\/planetaexo.com\/trips\/pt\/#website","url":"https:\/\/planetaexo.com\/trips\/pt\/","name":"PlanetaEXO","description":"Live an Adventure","publisher":{"@id":"https:\/\/planetaexo.com\/trips\/pt\/#organization"},"potentialAction":[{"@type":"SearchAction","target":{"@type":"EntryPoint","urlTemplate":"https:\/\/planetaexo.com\/trips\/pt\/?s={search_term_string}"},"query-input":{"@type":"PropertyValueSpecification","valueRequired":true,"valueName":"search_term_string"}}],"inLanguage":"pt-BR"},{"@type":"Organization","@id":"https:\/\/planetaexo.com\/trips\/pt\/#organization","name":"PlanetaEXO","url":"https:\/\/planetaexo.com\/trips\/pt\/","logo":{"@type":"ImageObject","inLanguage":"pt-BR","@id":"https:\/\/planetaexo.com\/trips\/pt\/#\/schema\/logo\/image\/","url":"https:\/\/planetaexo.com\/trips\/wp-content\/uploads\/2026\/03\/planetaexo_logo-_1_.png","contentUrl":"https:\/\/planetaexo.com\/trips\/wp-content\/uploads\/2026\/03\/planetaexo_logo-_1_.png","width":400,"height":364,"caption":"PlanetaEXO"},"image":{"@id":"https:\/\/planetaexo.com\/trips\/pt\/#\/schema\/logo\/image\/"}}]}},"_links":{"self":[{"href":"https:\/\/planetaexo.com\/trips\/pt\/wp-json\/wp\/v2\/pages\/46420"}],"collection":[{"href":"https:\/\/planetaexo.com\/trips\/pt\/wp-json\/wp\/v2\/pages"}],"about":[{"href":"https:\/\/planetaexo.com\/trips\/pt\/wp-json\/wp\/v2\/types\/page"}],"author":[{"embeddable":true,"href":"https:\/\/planetaexo.com\/trips\/pt\/wp-json\/wp\/v2\/users\/3"}],"replies":[{"embeddable":true,"href":"https:\/\/planetaexo.com\/trips\/pt\/wp-json\/wp\/v2\/comments?post=46420"}],"version-history":[{"count":10,"href":"https:\/\/planetaexo.com\/trips\/pt\/wp-json\/wp\/v2\/pages\/46420\/revisions"}],"predecessor-version":[{"id":54878,"href":"https:\/\/planetaexo.com\/trips\/pt\/wp-json\/wp\/v2\/pages\/46420\/revisions\/54878"}],"wp:attachment":[{"href":"https:\/\/planetaexo.com\/trips\/pt\/wp-json\/wp\/v2\/media?parent=46420"}],"curies":[{"name":"wp","href":"https:\/\/api.w.org\/{rel}","templated":true}]}}