{"id":45588,"date":"2023-10-12T16:32:20","date_gmt":"2023-10-12T16:32:20","guid":{"rendered":"https:\/\/planetaexo.com\/trips\/nosdestinations\/"},"modified":"2024-12-01T20:13:49","modified_gmt":"2024-12-01T20:13:49","slug":"nosdestinations","status":"publish","type":"page","link":"https:\/\/planetaexo.com\/trips\/fr\/nosdestinations\/","title":{"rendered":"Destinations"},"content":{"rendered":"\t\t<div data-elementor-type=\"wp-page\" data-elementor-id=\"45588\" class=\"elementor elementor-45588 elementor-10166\">\n\t\t\t\t<div class=\"elementor-element elementor-element-adbadb7 e-flex e-con-boxed e-con e-parent\" data-id=\"adbadb7\" data-element_type=\"container\" data-settings=\"{&quot;background_background&quot;:&quot;slideshow&quot;,&quot;background_slideshow_gallery&quot;:[],&quot;background_slideshow_loop&quot;:&quot;yes&quot;,&quot;background_slideshow_slide_duration&quot;:5000,&quot;background_slideshow_slide_transition&quot;:&quot;fade&quot;,&quot;background_slideshow_transition_duration&quot;:500}\">\n\t\t\t\t\t<div class=\"e-con-inner\">\n\t\t\t\t<div class=\"elementor-element elementor-element-0ce413f elementor-widget elementor-widget-heading\" data-id=\"0ce413f\" data-element_type=\"widget\" data-widget_type=\"heading.default\">\n\t\t\t\t<div class=\"elementor-widget-container\">\n\t\t\t<h2 class=\"elementor-heading-title elementor-size-default\">DESTINATIONS<\/h2>\t\t<\/div>\n\t\t\t\t<\/div>\n\t\t\t\t<div class=\"elementor-element elementor-element-9d4ba5c elementor-widget elementor-widget-text-editor\" data-id=\"9d4ba5c\" data-element_type=\"widget\" data-widget_type=\"text-editor.default\">\n\t\t\t\t<div class=\"elementor-widget-container\">\n\t\t\t\t\t\t\t<p>D\u00e9couvrez des aventures tri\u00e9es sur le volet dans des lieux \u00e9tonnants.<\/p>\n\t\t\t\t\t\t<\/div>\n\t\t\t\t<\/div>\n\t\t\t\t\t<\/div>\n\t\t\t\t<\/div>\n\t\t<div class=\"elementor-element elementor-element-b43509c e-con-full e-flex e-con e-parent\" data-id=\"b43509c\" data-element_type=\"container\">\n\t\t\t\t<div class=\"elementor-element elementor-element-704a8e8 elementor-widget-mobile__width-inherit elementor-widget elementor-widget-wptravelengine-destinations\" data-id=\"704a8e8\" data-element_type=\"widget\" data-widget_type=\"wptravelengine-destinations.default\">\n\t\t\t\t<div class=\"elementor-widget-container\">\n\t\t\t<div class=\"wp-block-wptravelengine wpte-gblock-wrapper wpte-elementor-widget\">\n\t<div class=\"category-grid wte-d-flex wte-layout-grid wpte-trip-list-wrapper default  wte-col-3 full-width\t\">\n\t<div class=\"wpte-trip-category style-1\">\n\t<div class=\"wpte-inner-container\">\n\t\t<div class=\"wpte-trip-category-img-wrap\">\n\t\t\t<figure class=\"thumbnail\">\n\t\t\t\t\t\t\t\t<a href=\"https:\/\/planetaexo.com\/trips\/fr\/destinations\/bresil\/chapada-diamantina-excursions\/\">\n\t\t\t\t\t<img decoding=\"async\" src=\"https:\/\/static.planetaexo.com\/trips\/wp-content\/uploads\/2024\/03\/Chapada-Diamantina.jpg\" alt=\"Chapada Diamantina\" \/>\n\t\t\t\t<\/a>\n\t\t\t\t\t\t\t<\/figure>\n\t\t<\/div>\n\t\t\t\t\t<div class=\"wpte-trip-category-text-wrap\">\n\t\t\t\t<h2 class=\"wpte-trip-category-title\"><a href=\"https:\/\/planetaexo.com\/trips\/fr\/destinations\/bresil\/chapada-diamantina-excursions\/\">Chapada Diamantina<\/a>\n\t\t\t\t\t\t\t\t<span class=\"wpte-icon\">\n\t\t\t\t\t\t\t\t\t<\/span>\n\t\t\t<\/h2>\n\t\t<\/div>\n\t\t\t<\/div>\n<\/div>\n<div class=\"wpte-trip-category style-1\">\n\t<div class=\"wpte-inner-container\">\n\t\t<div class=\"wpte-trip-category-img-wrap\">\n\t\t\t<figure class=\"thumbnail\">\n\t\t\t\t\t\t\t\t<a href=\"https:\/\/planetaexo.com\/trips\/fr\/destinations\/bresil\/lencois-maranhenses-excursions\/\">\n\t\t\t\t\t<img decoding=\"async\" src=\"https:\/\/static.planetaexo.com\/trips\/wp-content\/uploads\/2024\/03\/Lencois-Maranhenses.jpg\" alt=\"Len\u00e7\u00f3is Maranhenses\" \/>\n\t\t\t\t<\/a>\n\t\t\t\t\t\t\t<\/figure>\n\t\t<\/div>\n\t\t\t\t\t<div class=\"wpte-trip-category-text-wrap\">\n\t\t\t\t<h2 class=\"wpte-trip-category-title\"><a href=\"https:\/\/planetaexo.com\/trips\/fr\/destinations\/bresil\/lencois-maranhenses-excursions\/\">Len\u00e7\u00f3is Maranhenses<\/a>\n\t\t\t\t\t\t\t\t<span class=\"wpte-icon\">\n\t\t\t\t\t\t\t\t\t<\/span>\n\t\t\t<\/h2>\n\t\t<\/div>\n\t\t\t<\/div>\n<\/div>\n<div class=\"wpte-trip-category style-1\">\n\t<div class=\"wpte-inner-container\">\n\t\t<div class=\"wpte-trip-category-img-wrap\">\n\t\t\t<figure class=\"thumbnail\">\n\t\t\t\t\t\t\t\t<a href=\"https:\/\/planetaexo.com\/trips\/fr\/destinations\/bresil\/itacare-excursions\/\">\n\t\t\t\t\t<img decoding=\"async\" src=\"https:\/\/static.planetaexo.com\/trips\/wp-content\/uploads\/2024\/03\/Itacare.jpg\" alt=\"Itacare\" \/>\n\t\t\t\t<\/a>\n\t\t\t\t\t\t\t<\/figure>\n\t\t<\/div>\n\t\t\t\t\t<div class=\"wpte-trip-category-text-wrap\">\n\t\t\t\t<h2 class=\"wpte-trip-category-title\"><a href=\"https:\/\/planetaexo.com\/trips\/fr\/destinations\/bresil\/itacare-excursions\/\">Itacar\u00e9<\/a>\n\t\t\t\t\t\t\t\t<span class=\"wpte-icon\">\n\t\t\t\t\t\t\t\t\t<\/span>\n\t\t\t<\/h2>\n\t\t<\/div>\n\t\t\t<\/div>\n<\/div>\n<div class=\"wpte-trip-category style-1\">\n\t<div class=\"wpte-inner-container\">\n\t\t<div class=\"wpte-trip-category-img-wrap\">\n\t\t\t<figure class=\"thumbnail\">\n\t\t\t\t\t\t\t\t<a href=\"https:\/\/planetaexo.com\/trips\/fr\/destinations\/bresil\/jalapao-excursions\/\">\n\t\t\t\t\t<img decoding=\"async\" src=\"https:\/\/static.planetaexo.com\/trips\/wp-content\/uploads\/2024\/03\/Jalapao.jpg\" alt=\"Jalapao\" \/>\n\t\t\t\t<\/a>\n\t\t\t\t\t\t\t<\/figure>\n\t\t<\/div>\n\t\t\t\t\t<div class=\"wpte-trip-category-text-wrap\">\n\t\t\t\t<h2 class=\"wpte-trip-category-title\"><a href=\"https:\/\/planetaexo.com\/trips\/fr\/destinations\/bresil\/jalapao-excursions\/\">Jalap\u00e3o<\/a>\n\t\t\t\t\t\t\t\t<span class=\"wpte-icon\">\n\t\t\t\t\t\t\t\t\t<\/span>\n\t\t\t<\/h2>\n\t\t<\/div>\n\t\t\t<\/div>\n<\/div>\n<div class=\"wpte-trip-category style-1\">\n\t<div class=\"wpte-inner-container\">\n\t\t<div class=\"wpte-trip-category-img-wrap\">\n\t\t\t<figure class=\"thumbnail\">\n\t\t\t\t\t\t\t\t<a href=\"https:\/\/planetaexo.com\/trips\/fr\/destinations\/bresil\/mont-roraima-excursions\/\">\n\t\t\t\t\t<img decoding=\"async\" src=\"https:\/\/static.planetaexo.com\/trips\/wp-content\/uploads\/2024\/03\/Mount-Roraima.jpg\" alt=\"Mount Roraima\" \/>\n\t\t\t\t<\/a>\n\t\t\t\t\t\t\t<\/figure>\n\t\t<\/div>\n\t\t\t\t\t<div class=\"wpte-trip-category-text-wrap\">\n\t\t\t\t<h2 class=\"wpte-trip-category-title\"><a href=\"https:\/\/planetaexo.com\/trips\/fr\/destinations\/bresil\/mont-roraima-excursions\/\">Mont Roraima<\/a>\n\t\t\t\t\t\t\t\t<span class=\"wpte-icon\">\n\t\t\t\t\t\t\t\t\t<\/span>\n\t\t\t<\/h2>\n\t\t<\/div>\n\t\t\t<\/div>\n<\/div>\n<div class=\"wpte-trip-category style-1\">\n\t<div class=\"wpte-inner-container\">\n\t\t<div class=\"wpte-trip-category-img-wrap\">\n\t\t\t<figure class=\"thumbnail\">\n\t\t\t\t\t\t\t\t<a href=\"https:\/\/planetaexo.com\/trips\/fr\/destinations\/bresil\/circuit-pantanal\/\">\n\t\t\t\t\t<img decoding=\"async\" src=\"https:\/\/static.planetaexo.com\/trips\/wp-content\/uploads\/2024\/03\/Pantanal.jpg\" alt=\"Pantanal\" \/>\n\t\t\t\t<\/a>\n\t\t\t\t\t\t\t<\/figure>\n\t\t<\/div>\n\t\t\t\t\t<div class=\"wpte-trip-category-text-wrap\">\n\t\t\t\t<h2 class=\"wpte-trip-category-title\"><a href=\"https:\/\/planetaexo.com\/trips\/fr\/destinations\/bresil\/circuit-pantanal\/\">Pantanal<\/a>\n\t\t\t\t\t\t\t\t<span class=\"wpte-icon\">\n\t\t\t\t\t\t\t\t\t<\/span>\n\t\t\t<\/h2>\n\t\t<\/div>\n\t\t\t<\/div>\n<\/div>\n<div class=\"wpte-trip-category style-1\">\n\t<div class=\"wpte-inner-container\">\n\t\t<div class=\"wpte-trip-category-img-wrap\">\n\t\t\t<figure class=\"thumbnail\">\n\t\t\t\t\t\t\t\t<a href=\"https:\/\/planetaexo.com\/trips\/fr\/destinations\/bresil\/forfaits-plongee-fernando-de-noronha\/\">\n\t\t\t\t\t<img decoding=\"async\" src=\"https:\/\/static.planetaexo.com\/trips\/wp-content\/uploads\/2024\/03\/Fernando-de-Noronha.jpg\" alt=\"Fernando de Noronha\" \/>\n\t\t\t\t<\/a>\n\t\t\t\t\t\t\t<\/figure>\n\t\t<\/div>\n\t\t\t\t\t<div class=\"wpte-trip-category-text-wrap\">\n\t\t\t\t<h2 class=\"wpte-trip-category-title\"><a href=\"https:\/\/planetaexo.com\/trips\/fr\/destinations\/bresil\/forfaits-plongee-fernando-de-noronha\/\">Fernando de Noronha<\/a>\n\t\t\t\t\t\t\t\t<span class=\"wpte-icon\">\n\t\t\t\t\t\t\t\t\t<\/span>\n\t\t\t<\/h2>\n\t\t<\/div>\n\t\t\t<\/div>\n<\/div>\n<div class=\"wpte-trip-category style-1\">\n\t<div class=\"wpte-inner-container\">\n\t\t<div class=\"wpte-trip-category-img-wrap\">\n\t\t\t<figure class=\"thumbnail\">\n\t\t\t\t\t\t\t\t<a href=\"https:\/\/planetaexo.com\/trips\/fr\/destinations\/bresil\/circuits-excursions-amazonie-bresil\/\">\n\t\t\t\t\t<img decoding=\"async\" src=\"https:\/\/static.planetaexo.com\/trips\/wp-content\/uploads\/2024\/03\/Amazon.jpg\" alt=\"Amazon\" \/>\n\t\t\t\t<\/a>\n\t\t\t\t\t\t\t<\/figure>\n\t\t<\/div>\n\t\t\t\t\t<div class=\"wpte-trip-category-text-wrap\">\n\t\t\t\t<h2 class=\"wpte-trip-category-title\"><a href=\"https:\/\/planetaexo.com\/trips\/fr\/destinations\/bresil\/circuits-excursions-amazonie-bresil\/\">Amazonie au Br\u00e9sil<\/a>\n\t\t\t\t\t\t\t\t<span class=\"wpte-icon\">\n\t\t\t\t\t\t\t\t\t<\/span>\n\t\t\t<\/h2>\n\t\t<\/div>\n\t\t\t<\/div>\n<\/div>\n<div class=\"wpte-trip-category style-1\">\n\t<div class=\"wpte-inner-container\">\n\t\t<div class=\"wpte-trip-category-img-wrap\">\n\t\t\t<figure class=\"thumbnail\">\n\t\t\t\t\t\t\t\t<a href=\"https:\/\/planetaexo.com\/trips\/fr\/destinations\/bresil\/abrolhos-excursions\/\">\n\t\t\t\t\t<img decoding=\"async\" src=\"https:\/\/static.planetaexo.com\/trips\/wp-content\/uploads\/2024\/03\/Abrolhos.jpg\" alt=\"Abrolhos\" \/>\n\t\t\t\t<\/a>\n\t\t\t\t\t\t\t<\/figure>\n\t\t<\/div>\n\t\t\t\t\t<div class=\"wpte-trip-category-text-wrap\">\n\t\t\t\t<h2 class=\"wpte-trip-category-title\"><a href=\"https:\/\/planetaexo.com\/trips\/fr\/destinations\/bresil\/abrolhos-excursions\/\">Abrolhos<\/a>\n\t\t\t\t\t\t\t\t<span class=\"wpte-icon\">\n\t\t\t\t\t\t\t\t\t<\/span>\n\t\t\t<\/h2>\n\t\t<\/div>\n\t\t\t<\/div>\n<\/div>\n\t<\/div>\n\t<\/div>\n\t\t\t<\/div>\n\t\t\t\t<\/div>\n\t\t\t\t<\/div>\n\t\t\t\t<\/div>\n\t\t","protected":false},"excerpt":{"rendered":"<p>DESTINATIONS D\u00e9couvrez des aventures tri\u00e9es sur le volet dans des lieux \u00e9tonnants. Chapada Diamantina Len\u00e7\u00f3is Maranhenses Itacar\u00e9 Jalap\u00e3o Mont Roraima Pantanal Fernando de Noronha For\u00eat Amazonienne Abrolhos<\/p>\n","protected":false},"author":3,"featured_media":0,"parent":0,"menu_order":0,"comment_status":"closed","ping_status":"closed","template":"elementor_header_footer","meta":{"_acf_changed":false,"content-type":"","footnotes":"","_links_to":"","_links_to_target":""},"class_list":["post-45588","page","type-page","status-publish","hentry","travel-monster-post","no-post-thumbnail","latest_post"],"acf":[],"yoast_head":"<!-- This site is optimized with the Yoast SEO Premium plugin v22.8 (Yoast SEO v25.6) - https:\/\/yoast.com\/wordpress\/plugins\/seo\/ -->\n<title>Destinations - PlanetaEXO<\/title>\n<meta name=\"description\" content=\"D\u00e9couvrez des aventures tri\u00e9es sur le volet dans des lieux \u00e9poustouflants avec PlanetaEXO. Plongez dans les merveilles de la nature, soutenez les \u00e9conomies locales et ayez un impact positif.\" \/>\n<meta name=\"robots\" content=\"index, follow, max-snippet:-1, max-image-preview:large, max-video-preview:-1\" \/>\n<link rel=\"canonical\" href=\"https:\/\/planetaexo.com\/trips\/fr\/nosdestinations\/\" \/>\n<meta property=\"og:locale\" content=\"fr_FR\" \/>\n<meta property=\"og:type\" content=\"article\" \/>\n<meta property=\"og:title\" content=\"Destinations\" \/>\n<meta property=\"og:description\" content=\"D\u00e9couvrez des aventures tri\u00e9es sur le volet dans des lieux \u00e9poustouflants avec PlanetaEXO. Plongez dans les merveilles de la nature, soutenez les \u00e9conomies locales et ayez un impact positif.\" \/>\n<meta property=\"og:url\" content=\"https:\/\/planetaexo.com\/trips\/fr\/nosdestinations\/\" \/>\n<meta property=\"og:site_name\" content=\"PlanetaEXO\" \/>\n<meta property=\"article:modified_time\" content=\"2024-12-01T20:13:49+00:00\" \/>\n<meta property=\"og:image\" content=\"https:\/\/static.planetaexo.com\/trips\/wp-content\/uploads\/2024\/03\/Chapada-Diamantina.jpg\" \/>\n<meta name=\"twitter:card\" content=\"summary_large_image\" \/>\n<meta name=\"twitter:label1\" content=\"Dur\u00e9e de lecture estim\u00e9e\" \/>\n\t<meta name=\"twitter:data1\" content=\"2 minutes\" \/>\n<script type=\"application\/ld+json\" class=\"yoast-schema-graph\">{\"@context\":\"https:\/\/schema.org\",\"@graph\":[{\"@type\":\"WebPage\",\"@id\":\"https:\/\/planetaexo.com\/trips\/fr\/nosdestinations\/\",\"url\":\"https:\/\/planetaexo.com\/trips\/fr\/nosdestinations\/\",\"name\":\"Destinations - PlanetaEXO\",\"isPartOf\":{\"@id\":\"https:\/\/planetaexo.com\/trips\/fr\/#website\"},\"primaryImageOfPage\":{\"@id\":\"https:\/\/planetaexo.com\/trips\/fr\/nosdestinations\/#primaryimage\"},\"image\":{\"@id\":\"https:\/\/planetaexo.com\/trips\/fr\/nosdestinations\/#primaryimage\"},\"thumbnailUrl\":\"https:\/\/static.planetaexo.com\/trips\/wp-content\/uploads\/2024\/03\/Chapada-Diamantina.jpg\",\"datePublished\":\"2023-10-12T16:32:20+00:00\",\"dateModified\":\"2024-12-01T20:13:49+00:00\",\"description\":\"D\u00e9couvrez des aventures tri\u00e9es sur le volet dans des lieux \u00e9poustouflants avec PlanetaEXO. Plongez dans les merveilles de la nature, soutenez les \u00e9conomies locales et ayez un impact positif.\",\"breadcrumb\":{\"@id\":\"https:\/\/planetaexo.com\/trips\/fr\/nosdestinations\/#breadcrumb\"},\"inLanguage\":\"fr-FR\",\"potentialAction\":[{\"@type\":\"ReadAction\",\"target\":[\"https:\/\/planetaexo.com\/trips\/fr\/nosdestinations\/\"]}]},{\"@type\":\"ImageObject\",\"inLanguage\":\"fr-FR\",\"@id\":\"https:\/\/planetaexo.com\/trips\/fr\/nosdestinations\/#primaryimage\",\"url\":\"https:\/\/static.planetaexo.com\/trips\/wp-content\/uploads\/2024\/03\/Chapada-Diamantina.jpg\",\"contentUrl\":\"https:\/\/static.planetaexo.com\/trips\/wp-content\/uploads\/2024\/03\/Chapada-Diamantina.jpg\"},{\"@type\":\"BreadcrumbList\",\"@id\":\"https:\/\/planetaexo.com\/trips\/fr\/nosdestinations\/#breadcrumb\",\"itemListElement\":[{\"@type\":\"ListItem\",\"position\":1,\"name\":\"Home\",\"item\":\"https:\/\/planetaexo.com\/trips\/fr\/\"},{\"@type\":\"ListItem\",\"position\":2,\"name\":\"Destinations\"}]},{\"@type\":\"WebSite\",\"@id\":\"https:\/\/planetaexo.com\/trips\/fr\/#website\",\"url\":\"https:\/\/planetaexo.com\/trips\/fr\/\",\"name\":\"PlanetaEXO\",\"description\":\"Live an Adventure\",\"publisher\":{\"@id\":\"https:\/\/planetaexo.com\/trips\/fr\/#organization\"},\"potentialAction\":[{\"@type\":\"SearchAction\",\"target\":{\"@type\":\"EntryPoint\",\"urlTemplate\":\"https:\/\/planetaexo.com\/trips\/fr\/?s={search_term_string}\"},\"query-input\":{\"@type\":\"PropertyValueSpecification\",\"valueRequired\":true,\"valueName\":\"search_term_string\"}}],\"inLanguage\":\"fr-FR\"},{\"@type\":\"Organization\",\"@id\":\"https:\/\/planetaexo.com\/trips\/fr\/#organization\",\"name\":\"PlanetaEXO\",\"url\":\"https:\/\/planetaexo.com\/trips\/fr\/\",\"logo\":{\"@type\":\"ImageObject\",\"inLanguage\":\"fr-FR\",\"@id\":\"https:\/\/planetaexo.com\/trips\/fr\/#\/schema\/logo\/image\/\",\"url\":\"https:\/\/static.planetaexo.com\/trips\/wp-content\/uploads\/2026\/03\/planetaexo_logo-_1_.png\",\"contentUrl\":\"https:\/\/static.planetaexo.com\/trips\/wp-content\/uploads\/2026\/03\/planetaexo_logo-_1_.png\",\"width\":400,\"height\":364,\"caption\":\"PlanetaEXO\"},\"image\":{\"@id\":\"https:\/\/planetaexo.com\/trips\/fr\/#\/schema\/logo\/image\/\"}}]}<\/script>\n<!-- \/ Yoast SEO Premium plugin. -->","yoast_head_json":{"title":"Destinations - PlanetaEXO","description":"D\u00e9couvrez des aventures tri\u00e9es sur le volet dans des lieux \u00e9poustouflants avec PlanetaEXO. Plongez dans les merveilles de la nature, soutenez les \u00e9conomies locales et ayez un impact positif.","robots":{"index":"index","follow":"follow","max-snippet":"max-snippet:-1","max-image-preview":"max-image-preview:large","max-video-preview":"max-video-preview:-1"},"canonical":"https:\/\/planetaexo.com\/trips\/fr\/nosdestinations\/","og_locale":"fr_FR","og_type":"article","og_title":"Destinations","og_description":"D\u00e9couvrez des aventures tri\u00e9es sur le volet dans des lieux \u00e9poustouflants avec PlanetaEXO. Plongez dans les merveilles de la nature, soutenez les \u00e9conomies locales et ayez un impact positif.","og_url":"https:\/\/planetaexo.com\/trips\/fr\/nosdestinations\/","og_site_name":"PlanetaEXO","article_modified_time":"2024-12-01T20:13:49+00:00","og_image":[{"url":"https:\/\/static.planetaexo.com\/trips\/wp-content\/uploads\/2024\/03\/Chapada-Diamantina.jpg","type":"","width":"","height":""}],"twitter_card":"summary_large_image","twitter_misc":{"Dur\u00e9e de lecture estim\u00e9e":"2 minutes"},"schema":{"@context":"https:\/\/schema.org","@graph":[{"@type":"WebPage","@id":"https:\/\/planetaexo.com\/trips\/fr\/nosdestinations\/","url":"https:\/\/planetaexo.com\/trips\/fr\/nosdestinations\/","name":"Destinations - PlanetaEXO","isPartOf":{"@id":"https:\/\/planetaexo.com\/trips\/fr\/#website"},"primaryImageOfPage":{"@id":"https:\/\/planetaexo.com\/trips\/fr\/nosdestinations\/#primaryimage"},"image":{"@id":"https:\/\/planetaexo.com\/trips\/fr\/nosdestinations\/#primaryimage"},"thumbnailUrl":"https:\/\/static.planetaexo.com\/trips\/wp-content\/uploads\/2024\/03\/Chapada-Diamantina.jpg","datePublished":"2023-10-12T16:32:20+00:00","dateModified":"2024-12-01T20:13:49+00:00","description":"D\u00e9couvrez des aventures tri\u00e9es sur le volet dans des lieux \u00e9poustouflants avec PlanetaEXO. Plongez dans les merveilles de la nature, soutenez les \u00e9conomies locales et ayez un impact positif.","breadcrumb":{"@id":"https:\/\/planetaexo.com\/trips\/fr\/nosdestinations\/#breadcrumb"},"inLanguage":"fr-FR","potentialAction":[{"@type":"ReadAction","target":["https:\/\/planetaexo.com\/trips\/fr\/nosdestinations\/"]}]},{"@type":"ImageObject","inLanguage":"fr-FR","@id":"https:\/\/planetaexo.com\/trips\/fr\/nosdestinations\/#primaryimage","url":"https:\/\/static.planetaexo.com\/trips\/wp-content\/uploads\/2024\/03\/Chapada-Diamantina.jpg","contentUrl":"https:\/\/static.planetaexo.com\/trips\/wp-content\/uploads\/2024\/03\/Chapada-Diamantina.jpg"},{"@type":"BreadcrumbList","@id":"https:\/\/planetaexo.com\/trips\/fr\/nosdestinations\/#breadcrumb","itemListElement":[{"@type":"ListItem","position":1,"name":"Home","item":"https:\/\/planetaexo.com\/trips\/fr\/"},{"@type":"ListItem","position":2,"name":"Destinations"}]},{"@type":"WebSite","@id":"https:\/\/planetaexo.com\/trips\/fr\/#website","url":"https:\/\/planetaexo.com\/trips\/fr\/","name":"PlanetaEXO","description":"Live an Adventure","publisher":{"@id":"https:\/\/planetaexo.com\/trips\/fr\/#organization"},"potentialAction":[{"@type":"SearchAction","target":{"@type":"EntryPoint","urlTemplate":"https:\/\/planetaexo.com\/trips\/fr\/?s={search_term_string}"},"query-input":{"@type":"PropertyValueSpecification","valueRequired":true,"valueName":"search_term_string"}}],"inLanguage":"fr-FR"},{"@type":"Organization","@id":"https:\/\/planetaexo.com\/trips\/fr\/#organization","name":"PlanetaEXO","url":"https:\/\/planetaexo.com\/trips\/fr\/","logo":{"@type":"ImageObject","inLanguage":"fr-FR","@id":"https:\/\/planetaexo.com\/trips\/fr\/#\/schema\/logo\/image\/","url":"https:\/\/static.planetaexo.com\/trips\/wp-content\/uploads\/2026\/03\/planetaexo_logo-_1_.png","contentUrl":"https:\/\/static.planetaexo.com\/trips\/wp-content\/uploads\/2026\/03\/planetaexo_logo-_1_.png","width":400,"height":364,"caption":"PlanetaEXO"},"image":{"@id":"https:\/\/planetaexo.com\/trips\/fr\/#\/schema\/logo\/image\/"}}]}},"_links":{"self":[{"href":"https:\/\/planetaexo.com\/trips\/fr\/wp-json\/wp\/v2\/pages\/45588"}],"collection":[{"href":"https:\/\/planetaexo.com\/trips\/fr\/wp-json\/wp\/v2\/pages"}],"about":[{"href":"https:\/\/planetaexo.com\/trips\/fr\/wp-json\/wp\/v2\/types\/page"}],"author":[{"embeddable":true,"href":"https:\/\/planetaexo.com\/trips\/fr\/wp-json\/wp\/v2\/users\/3"}],"replies":[{"embeddable":true,"href":"https:\/\/planetaexo.com\/trips\/fr\/wp-json\/wp\/v2\/comments?post=45588"}],"version-history":[{"count":7,"href":"https:\/\/planetaexo.com\/trips\/fr\/wp-json\/wp\/v2\/pages\/45588\/revisions"}],"predecessor-version":[{"id":65333,"href":"https:\/\/planetaexo.com\/trips\/fr\/wp-json\/wp\/v2\/pages\/45588\/revisions\/65333"}],"wp:attachment":[{"href":"https:\/\/planetaexo.com\/trips\/fr\/wp-json\/wp\/v2\/media?parent=45588"}],"curies":[{"name":"wp","href":"https:\/\/api.w.org\/{rel}","templated":true}]}}