{"id":17112,"date":"2023-09-12T01:23:43","date_gmt":"2023-09-12T01:23:43","guid":{"rendered":"https:\/\/planetaexo.com\/contato\/"},"modified":"2024-03-16T23:31:50","modified_gmt":"2024-03-16T23:31:50","slug":"contato","status":"publish","type":"page","link":"https:\/\/planetaexo.com\/pt\/contato\/","title":{"rendered":"Contato"},"content":{"rendered":"[vc_row type=&#8221;full_width_background&#8221; full_screen_row_position=&#8221;middle&#8221; column_margin=&#8221;default&#8221; column_direction=&#8221;default&#8221; column_direction_tablet=&#8221;default&#8221; column_direction_phone=&#8221;default&#8221; bg_color=&#8221;#44b9a6&#8243; full_height=&#8221;yes&#8221; scene_position=&#8221;center&#8221; bottom_padding=&#8221;50&#8243; top_margin=&#8221;-350&#8243; top_margin_phone=&#8221;-200&#8243; text_color=&#8221;custom&#8221; custom_text_color=&#8221;#ffffff&#8221; text_align=&#8221;left&#8221; row_border_radius=&#8221;none&#8221; row_border_radius_applies=&#8221;bg&#8221; overflow=&#8221;visible&#8221; enable_gradient=&#8221;true&#8221; color_overlay=&#8221;#90d8c0&#8243; color_overlay_2=&#8221;#44b9a6&#8243; overlay_strength=&#8221;0.8&#8243; gradient_direction=&#8221;left_to_right&#8221; shape_divider_position=&#8221;bottom&#8221; bg_image_animation=&#8221;none&#8221; shape_type=&#8221;&#8221; gradient_type=&#8221;default&#8221;][vc_column column_padding=&#8221;no-extra-padding&#8221; column_padding_tablet=&#8221;inherit&#8221; column_padding_phone=&#8221;inherit&#8221; column_padding_position=&#8221;all&#8221; column_element_direction_desktop=&#8221;default&#8221; column_element_spacing=&#8221;default&#8221; desktop_text_alignment=&#8221;default&#8221; tablet_text_alignment=&#8221;default&#8221; phone_text_alignment=&#8221;default&#8221; background_color_opacity=&#8221;1&#8243; background_hover_color_opacity=&#8221;1&#8243; column_backdrop_filter=&#8221;none&#8221; column_shadow=&#8221;none&#8221; column_border_radius=&#8221;none&#8221; column_link_target=&#8221;_self&#8221; column_position=&#8221;default&#8221; gradient_direction=&#8221;left_to_right&#8221; overlay_strength=&#8221;0.3&#8243; width=&#8221;1\/1&#8243; tablet_width_inherit=&#8221;default&#8221; animation_type=&#8221;default&#8221; bg_image_animation=&#8221;none&#8221; border_type=&#8221;simple&#8221; column_border_width=&#8221;none&#8221; column_border_style=&#8221;solid&#8221;][divider line_type=&#8221;No Line&#8221; custom_height=&#8221;100&#8243;][vc_raw_html]PGEgbmFtZT0iaW5xdWlyeSI+PC9hPg==[\/vc_raw_html][vc_column_text css=&#8221;.vc_custom_1700949188471{padding-top: 40px !important;}&#8221;]\n<h1 style=\"text-align: center;\">Contato<\/h1>\n<p style=\"text-align: center;\">Pronto para sua pr\u00f3xima aventura? Nossa equipe est\u00e1 aqui para ajud\u00e1-lo a tornar sua pr\u00f3xima viagem inesquec\u00edvel! Preencha o formul\u00e1rio abaixo:  <\/p>\n[\/vc_column_text][vc_column_text css=&#8221;.vc_custom_1703885996304{padding-top: 20px !important;}&#8221;]\n<p style=\"display: flex; align-items: center; justify-content: center;\" data-wp-editing=\"1\"><a style=\"color: white; text-decoration: underline;\" href=\"https:\/\/wa.me\/5511949084101\"><strong>Atendimento WhatsApp<\/strong><\/a><\/p>\n[\/vc_column_text]\n<div class=\"wpcf7 no-js\" id=\"wpcf7-f17114-o1\" lang=\"pt-BR\" dir=\"ltr\" data-wpcf7-id=\"17114\">\n<div class=\"screen-reader-response\"><p role=\"status\" aria-live=\"polite\" aria-atomic=\"true\"><\/p> <ul><\/ul><\/div>\n<form action=\"\/pt\/wp-json\/wp\/v2\/pages\/17112#wpcf7-f17114-o1\" method=\"post\" class=\"wpcf7-form init\" aria-label=\"Formul\u00e1rios de contato\" novalidate=\"novalidate\" data-status=\"init\">\n<fieldset class=\"hidden-fields-container\"><input type=\"hidden\" name=\"_wpcf7\" value=\"17114\" \/><input type=\"hidden\" name=\"_wpcf7_version\" value=\"6.1.5\" \/><input type=\"hidden\" name=\"_wpcf7_locale\" value=\"pt_BR\" \/><input type=\"hidden\" name=\"_wpcf7_unit_tag\" value=\"wpcf7-f17114-o1\" \/><input type=\"hidden\" name=\"_wpcf7_container_post\" value=\"0\" \/><input type=\"hidden\" name=\"_wpcf7_posted_data_hash\" value=\"\" \/><input type=\"hidden\" name=\"_wpcf7_recaptcha_response\" value=\"\" \/>\n<\/fieldset>\n<p><a name=\"inquiry\"><\/a>\n<\/p>\n<p><br \/>\n<label><span class=\"wpcf7-form-control-wrap\" data-name=\"firstname\"><input size=\"40\" maxlength=\"400\" class=\"wpcf7-form-control wpcf7-text wpcf7-validates-as-required\" aria-required=\"true\" aria-invalid=\"false\" placeholder=\"Nome\" value=\"\" type=\"text\" name=\"firstname\" \/><\/span><\/label><br \/>\n<label><span class=\"wpcf7-form-control-wrap\" data-name=\"placeholder\"><input size=\"40\" class=\"wpcf7-form-control wpcf7-phonetext wpcf7-validates-as-required wpcf7-text wpcf7-validates-as-phonetext\" aria-required=\"true\" aria-invalid=\"false\" value=\"Telefone\" type=\"text\" name=\"placeholder\" \/><input type=\"hidden\" name=\"placeholder-country-code\" class=\"wpcf7-phonetext-country-code\" \/><\/span><\/label><br \/>\n<label><span class=\"wpcf7-form-control-wrap\" data-name=\"your-email\"><input size=\"40\" maxlength=\"400\" class=\"wpcf7-form-control wpcf7-email wpcf7-validates-as-required wpcf7-text wpcf7-validates-as-email\" aria-required=\"true\" aria-invalid=\"false\" placeholder=\"Email\" value=\"\" type=\"email\" name=\"your-email\" \/><\/span><\/label><br \/>\n<label><span class=\"wpcf7-form-control-wrap\" data-name=\"destination\"><input size=\"40\" maxlength=\"400\" class=\"wpcf7-form-control wpcf7-text wpcf7-validates-as-required\" aria-required=\"true\" aria-invalid=\"false\" placeholder=\"Qual seu destino?\" value=\"\" type=\"text\" name=\"destination\" \/><\/span><\/label><br \/>\n<label><span class=\"wpcf7-form-control-wrap\" data-name=\"when\"><input size=\"40\" maxlength=\"400\" class=\"wpcf7-form-control wpcf7-text wpcf7-validates-as-required\" aria-required=\"true\" aria-invalid=\"false\" placeholder=\"Quando voc\u00ea planeja viajar?\" value=\"\" type=\"text\" name=\"when\" \/><\/span><\/label><br \/>\n<label><span class=\"wpcf7-form-control-wrap\" data-name=\"how_many_people\"><input size=\"40\" maxlength=\"400\" class=\"wpcf7-form-control wpcf7-text wpcf7-validates-as-required\" aria-required=\"true\" aria-invalid=\"false\" placeholder=\"Quantas pessoas?\" value=\"\" type=\"text\" name=\"how_many_people\" \/><\/span><\/label>\n<\/p>\n<p><label><span class=\"wpcf7-form-control-wrap\" data-name=\"additional_comments\"><textarea cols=\"40\" rows=\"10\" maxlength=\"2000\" class=\"wpcf7-form-control wpcf7-textarea\" aria-invalid=\"false\" placeholder=\"Mensagem\" name=\"additional_comments\"><\/textarea><\/span> <\/label>\n<\/p>\n<p>Voc\u00ea prefere ser contatado por:<br \/>\n<span class=\"wpcf7-form-control-wrap\" data-name=\"contact_via\"><span class=\"wpcf7-form-control wpcf7-radio\"><span class=\"wpcf7-list-item first\"><label><input type=\"radio\" name=\"contact_via\" value=\"WhatsApp\" checked=\"checked\" \/><span class=\"wpcf7-list-item-label\">WhatsApp<\/span><\/label><\/span><span class=\"wpcf7-list-item last\"><label><input type=\"radio\" name=\"contact_via\" value=\"Email\" \/><span class=\"wpcf7-list-item-label\">Email<\/span><\/label><\/span><\/span><\/span>\n<\/p>\n<p><input class=\"wpcf7-form-control wpcf7-submit has-spinner\" type=\"submit\" value=\"Enviar\" \/>\n<\/p><p style=\"display: none !important;\" class=\"akismet-fields-container\" data-prefix=\"_wpcf7_ak_\"><label>&#916;<textarea name=\"_wpcf7_ak_hp_textarea\" cols=\"45\" rows=\"8\" maxlength=\"100\"><\/textarea><\/label><input type=\"hidden\" id=\"ak_js_1\" name=\"_wpcf7_ak_js\" value=\"76\"\/><script>document.getElementById( \"ak_js_1\" ).setAttribute( \"value\", ( new Date() ).getTime() );<\/script><\/p><div class=\"wpcf7-response-output\" aria-hidden=\"true\"><\/div>\n<\/form>\n<\/div>\n[divider line_type=&#8221;No Line&#8221; custom_height=&#8221;100&#8243;][\/vc_column][\/vc_row][vc_row type=&#8221;full_width_background&#8221; full_screen_row_position=&#8221;middle&#8221; column_margin=&#8221;default&#8221; column_direction=&#8221;default&#8221; column_direction_tablet=&#8221;default&#8221; column_direction_phone=&#8221;default&#8221; bg_color=&#8221;rgba(0,0,0,0.07)&#8221; scene_position=&#8221;center&#8221; top_padding=&#8221;60&#8243; bottom_padding=&#8221;30&#8243; left_padding_desktop=&#8221;0&#8243; right_padding_desktop=&#8221;0&#8243; top_padding_phone=&#8221;80&#8243; translate_x=&#8221;0&#8243; text_color=&#8221;dark&#8221; text_align=&#8221;left&#8221; row_border_radius=&#8221;none&#8221; row_border_radius_applies=&#8221;bg&#8221; overflow=&#8221;visible&#8221; color_overlay=&#8221;rgba(255,255,255,0.79)&#8221; overlay_strength=&#8221;0.3&#8243; gradient_direction=&#8221;left_to_right&#8221; shape_divider_position=&#8221;bottom&#8221; bg_image_animation=&#8221;none&#8221; shape_type=&#8221;&#8221; gradient_type=&#8221;default&#8221;][vc_column column_padding=&#8221;no-extra-padding&#8221; column_padding_tablet=&#8221;inherit&#8221; column_padding_phone=&#8221;inherit&#8221; column_padding_position=&#8221;all&#8221; column_element_direction_desktop=&#8221;default&#8221; column_element_spacing=&#8221;default&#8221; centered_text=&#8221;true&#8221; desktop_text_alignment=&#8221;default&#8221; tablet_text_alignment=&#8221;default&#8221; phone_text_alignment=&#8221;default&#8221; background_color_opacity=&#8221;1&#8243; background_hover_color_opacity=&#8221;1&#8243; column_backdrop_filter=&#8221;none&#8221; column_shadow=&#8221;none&#8221; column_border_radius=&#8221;none&#8221; column_link_target=&#8221;_self&#8221; column_position=&#8221;default&#8221; gradient_direction=&#8221;left_to_right&#8221; overlay_strength=&#8221;0.3&#8243; width=&#8221;1\/1&#8243; tablet_width_inherit=&#8221;default&#8221; animation_type=&#8221;default&#8221; bg_image_animation=&#8221;none&#8221; border_type=&#8221;simple&#8221; column_border_width=&#8221;none&#8221; column_border_style=&#8221;solid&#8221;][vc_row_inner column_margin=&#8221;default&#8221; column_direction=&#8221;default&#8221; column_direction_tablet=&#8221;default&#8221; column_direction_phone=&#8221;default&#8221; top_padding=&#8221;50&#8243; bottom_padding=&#8221;50&#8243; left_padding_desktop=&#8221;0&#8243; right_padding_desktop=&#8221;0&#8243; top_padding_phone=&#8221;30&#8243; text_align=&#8221;left&#8221; row_position=&#8221;default&#8221; row_position_tablet=&#8221;inherit&#8221; row_position_phone=&#8221;inherit&#8221; overflow=&#8221;visible&#8221; pointer_events=&#8221;all&#8221;][vc_column_inner column_padding=&#8221;padding-2-percent&#8221; column_padding_tablet=&#8221;inherit&#8221; column_padding_phone=&#8221;inherit&#8221; column_padding_position=&#8221;all&#8221; column_element_direction_desktop=&#8221;default&#8221; column_element_spacing=&#8221;default&#8221; centered_text=&#8221;true&#8221; desktop_text_alignment=&#8221;default&#8221; tablet_text_alignment=&#8221;default&#8221; phone_text_alignment=&#8221;default&#8221; background_color_opacity=&#8221;1&#8243; background_hover_color_opacity=&#8221;1&#8243; column_backdrop_filter=&#8221;none&#8221; column_shadow=&#8221;none&#8221; column_border_radius=&#8221;none&#8221; column_link_target=&#8221;_self&#8221; overflow=&#8221;visible&#8221; gradient_direction=&#8221;left_to_right&#8221; overlay_strength=&#8221;0.3&#8243; width=&#8221;1\/4&#8243; tablet_width_inherit=&#8221;default&#8221; animation_type=&#8221;default&#8221; bg_image_animation=&#8221;none&#8221; border_type=&#8221;simple&#8221; column_border_width=&#8221;none&#8221; column_border_style=&#8221;solid&#8221; column_padding_type=&#8221;default&#8221; gradient_type=&#8221;default&#8221;][nectar_icon icon_family=&#8221;fontawesome&#8221; icon_style=&#8221;default&#8221; icon_color_type=&#8221;color_scheme&#8221; icon_color=&#8221;extra-color-gradient-1&#8243; icon_padding=&#8221;5px&#8221; pointer_events=&#8221;all&#8221; icon_fontawesome=&#8221;fa fa-heart&#8221; icon_size=&#8221;50&#8243;][vc_column_text]\n<h4>Aventuras escolhidas a dedo<\/h4>\n<p>Selecionamos in\u00fameras aventuras para apresentar apenas as melhores. Essa curadoria permite que voc\u00ea se concentre menos no planejamento e mais na experi\u00eancia.[\/vc_column_text][\/vc_column_inner][vc_column_inner column_padding=&#8221;padding-2-percent&#8221; column_padding_tablet=&#8221;inherit&#8221; column_padding_phone=&#8221;padding-5-percent&#8221; column_padding_position=&#8221;all&#8221; column_element_direction_desktop=&#8221;default&#8221; column_element_spacing=&#8221;default&#8221; centered_text=&#8221;true&#8221; desktop_text_alignment=&#8221;default&#8221; tablet_text_alignment=&#8221;default&#8221; phone_text_alignment=&#8221;default&#8221; background_color_opacity=&#8221;1&#8243; background_hover_color_opacity=&#8221;1&#8243; column_backdrop_filter=&#8221;none&#8221; column_shadow=&#8221;none&#8221; column_border_radius=&#8221;none&#8221; column_link_target=&#8221;_self&#8221; overflow=&#8221;visible&#8221; gradient_direction=&#8221;left_to_right&#8221; overlay_strength=&#8221;0.3&#8243; width=&#8221;1\/4&#8243; tablet_width_inherit=&#8221;default&#8221; animation_type=&#8221;default&#8221; bg_image_animation=&#8221;none&#8221; border_type=&#8221;simple&#8221; column_border_width=&#8221;none&#8221; column_border_style=&#8221;solid&#8221; column_padding_type=&#8221;default&#8221; gradient_type=&#8221;default&#8221;][nectar_icon icon_family=&#8221;fontawesome&#8221; icon_style=&#8221;default&#8221; icon_color_type=&#8221;color_scheme&#8221; icon_color=&#8221;extra-color-gradient-1&#8243; icon_padding=&#8221;5px&#8221; pointer_events=&#8221;all&#8221; icon_fontawesome=&#8221;fa fa-smile-o&#8221; icon_size=&#8221;50&#8243;][vc_column_text]\n<h4>Reservas flex\u00edveis e sem complica\u00e7\u00f5es<\/h4>\n<p>Nosso processo de reserva \u00e9 simples e flex\u00edvel, oferecendo conveni\u00eancia e cancelamento gratuito, garantindo uma transi\u00e7\u00e3o perfeita da reserva para a aventura.[\/vc_column_text][\/vc_column_inner][vc_column_inner column_padding=&#8221;padding-2-percent&#8221; column_padding_tablet=&#8221;inherit&#8221; column_padding_phone=&#8221;padding-5-percent&#8221; column_padding_position=&#8221;all&#8221; column_element_direction_desktop=&#8221;default&#8221; column_element_spacing=&#8221;default&#8221; centered_text=&#8221;true&#8221; desktop_text_alignment=&#8221;default&#8221; tablet_text_alignment=&#8221;default&#8221; phone_text_alignment=&#8221;default&#8221; background_color_opacity=&#8221;1&#8243; background_hover_color_opacity=&#8221;1&#8243; column_backdrop_filter=&#8221;none&#8221; column_shadow=&#8221;none&#8221; column_border_radius=&#8221;none&#8221; column_link_target=&#8221;_self&#8221; overflow=&#8221;visible&#8221; gradient_direction=&#8221;left_to_right&#8221; overlay_strength=&#8221;0.3&#8243; width=&#8221;1\/4&#8243; tablet_width_inherit=&#8221;default&#8221; animation_type=&#8221;default&#8221; bg_image_animation=&#8221;none&#8221; border_type=&#8221;simple&#8221; column_border_width=&#8221;none&#8221; column_border_style=&#8221;solid&#8221; column_padding_type=&#8221;default&#8221; gradient_type=&#8221;default&#8221;][nectar_icon icon_family=&#8221;fontawesome&#8221; icon_style=&#8221;default&#8221; icon_color_type=&#8221;color_scheme&#8221; icon_color=&#8221;extra-color-gradient-1&#8243; icon_padding=&#8221;5px&#8221; pointer_events=&#8221;all&#8221; icon_fontawesome=&#8221;fa fa-comments-o&#8221; icon_size=&#8221;50&#8243;][vc_column_text]\n<h4>Atendimento ao Cliente Excepcional<\/h4>\n<p>Sua satisfa\u00e7\u00e3o \u00e9 nossa prioridade. Nossa equipe profissional, est\u00e1 sempre dispon\u00edvel para responder \u00e0s suas perguntas e adaptar suas reservas \u00e0s suas prefer\u00eancias.[\/vc_column_text][\/vc_column_inner][vc_column_inner column_padding=&#8221;padding-2-percent&#8221; column_padding_tablet=&#8221;inherit&#8221; column_padding_phone=&#8221;padding-5-percent&#8221; column_padding_position=&#8221;all&#8221; column_element_direction_desktop=&#8221;default&#8221; column_element_spacing=&#8221;default&#8221; desktop_text_alignment=&#8221;default&#8221; tablet_text_alignment=&#8221;default&#8221; phone_text_alignment=&#8221;default&#8221; background_color_opacity=&#8221;1&#8243; background_hover_color_opacity=&#8221;1&#8243; column_backdrop_filter=&#8221;none&#8221; column_shadow=&#8221;none&#8221; column_border_radius=&#8221;none&#8221; column_link_target=&#8221;_self&#8221; overflow=&#8221;visible&#8221; gradient_direction=&#8221;left_to_right&#8221; overlay_strength=&#8221;0.3&#8243; width=&#8221;1\/4&#8243; tablet_width_inherit=&#8221;default&#8221; animation_type=&#8221;default&#8221; bg_image_animation=&#8221;none&#8221; border_type=&#8221;simple&#8221; column_border_width=&#8221;none&#8221; column_border_style=&#8221;solid&#8221; column_padding_type=&#8221;default&#8221; gradient_type=&#8221;default&#8221;][nectar_icon icon_family=&#8221;fontawesome&#8221; icon_style=&#8221;default&#8221; icon_color_type=&#8221;color_scheme&#8221; icon_color=&#8221;extra-color-gradient-1&#8243; icon_padding=&#8221;5px&#8221; pointer_events=&#8221;all&#8221; icon_fontawesome=&#8221;fa fa-globe&#8221; icon_size=&#8221;50&#8243;][vc_column_text]\n<h4>Aventuras Sustent\u00e1veis<\/h4>\n<p>Cada aventura \u00e9 avaliada quanto ao seu impacto no meio ambiente e nas comunidades locais, garantindo uma experi\u00eancia gratificante e respons\u00e1vel.[\/vc_column_text][\/vc_column_inner][\/vc_row_inner][vc_raw_html]PGEgbmFtZT0iYXBwbHlub3ciPjwvYT4=[\/vc_raw_html][\/vc_column][\/vc_row]\n","protected":false},"excerpt":{"rendered":"<p>[vc_row type=&#8221;full_width_background&#8221; full_screen_row_position=&#8221;middle&#8221; column_margin=&#8221;default&#8221; column_direction=&#8221;default&#8221; column_direction_tablet=&#8221;default&#8221; column_direction_phone=&#8221;default&#8221; bg_color=&#8221;#44b9a6&#8243; full_height=&#8221;yes&#8221; scene_position=&#8221;center&#8221; bottom_padding=&#8221;50&#8243; top_margin=&#8221;-350&#8243; top_margin_phone=&#8221;-200&#8243; text_color=&#8221;custom&#8221; custom_text_color=&#8221;#ffffff&#8221; text_align=&#8221;left&#8221; row_border_radius=&#8221;none&#8221; row_border_radius_applies=&#8221;bg&#8221; overflow=&#8221;visible&#8221; enable_gradient=&#8221;true&#8221; color_overlay=&#8221;#90d8c0&#8243; color_overlay_2=&#8221;#44b9a6&#8243; overlay_strength=&#8221;0.8&#8243; gradient_direction=&#8221;left_to_right&#8221; shape_divider_position=&#8221;bottom&#8221; bg_image_animation=&#8221;none&#8221; shape_type=&#8221;&#8221; gradient_type=&#8221;default&#8221;][vc_column column_padding=&#8221;no-extra-padding&#8221; column_padding_tablet=&#8221;inherit&#8221;&#8230;<\/p>\n","protected":false},"author":19,"featured_media":0,"parent":0,"menu_order":0,"comment_status":"closed","ping_status":"closed","template":"","meta":{"content-type":"","footnotes":""},"class_list":["post-17112","page","type-page","status-publish"],"yoast_head":"<!-- This site is optimized with the Yoast SEO Premium plugin v27.2 (Yoast SEO v27.2) - https:\/\/yoast.com\/product\/yoast-seo-premium-wordpress\/ -->\n<title>Contato - PlanetaEXO<\/title>\n<meta name=\"description\" content=\"Pronto para embarcar em sua pr\u00f3xima grande aventura? Entre em contato conosco hoje mesmo para obter orienta\u00e7\u00e3o especializada, itiner\u00e1rios personalizados e experi\u00eancias inesquec\u00edveis.\" \/>\n<meta name=\"robots\" content=\"index, follow, max-snippet:-1, max-image-preview:large, max-video-preview:-1\" \/>\n<link rel=\"canonical\" href=\"https:\/\/planetaexo.com\/pt\/contato\/\" \/>\n<meta property=\"og:locale\" content=\"pt_BR\" \/>\n<meta property=\"og:type\" content=\"article\" \/>\n<meta property=\"og:title\" content=\"Contato - PlanetaEXO\" \/>\n<meta property=\"og:description\" content=\"Pronto para embarcar em sua pr\u00f3xima grande aventura? Entre em contato conosco hoje mesmo para obter orienta\u00e7\u00e3o especializada, itiner\u00e1rios personalizados e experi\u00eancias inesquec\u00edveis.\" \/>\n<meta property=\"og:url\" content=\"https:\/\/planetaexo.com\/pt\/contato\/\" \/>\n<meta property=\"og:site_name\" content=\"PlanetaEXO\" \/>\n<meta property=\"article:modified_time\" content=\"2024-03-16T23:31:50+00:00\" \/>\n<meta property=\"og:image\" content=\"https:\/\/planetaexo.com\/wp-content\/uploads\/2022\/01\/Featured_YogaRetreat-1.jpeg\" \/>\n<meta name=\"twitter:card\" content=\"summary_large_image\" \/>\n<meta name=\"twitter:title\" content=\"Contato\" \/>\n<meta name=\"twitter:image\" content=\"https:\/\/planetaexo.com\/wp-content\/uploads\/2022\/01\/Featured_YogaRetreat-1.jpeg\" \/>\n<meta name=\"twitter:label1\" content=\"Est. tempo de leitura\" \/>\n\t<meta name=\"twitter:data1\" content=\"6 minutos\" \/>\n<script type=\"application\/ld+json\" class=\"yoast-schema-graph\">{\"@context\":\"https:\/\/schema.org\",\"@graph\":[{\"@type\":\"WebPage\",\"@id\":\"https:\/\/planetaexo.com\/pt\/contato\/\",\"url\":\"https:\/\/planetaexo.com\/pt\/contato\/\",\"name\":\"Contato - PlanetaEXO\",\"isPartOf\":{\"@id\":\"https:\/\/planetaexo.com\/pt\/#website\"},\"datePublished\":\"2023-09-12T01:23:43+00:00\",\"dateModified\":\"2024-03-16T23:31:50+00:00\",\"description\":\"Pronto para embarcar em sua pr\u00f3xima grande aventura? Entre em contato conosco hoje mesmo para obter orienta\u00e7\u00e3o especializada, itiner\u00e1rios personalizados e experi\u00eancias inesquec\u00edveis.\",\"breadcrumb\":{\"@id\":\"https:\/\/planetaexo.com\/pt\/contato\/#breadcrumb\"},\"inLanguage\":\"pt-BR\",\"potentialAction\":[{\"@type\":\"ReadAction\",\"target\":[\"https:\/\/planetaexo.com\/pt\/contato\/\"]}]},{\"@type\":\"BreadcrumbList\",\"@id\":\"https:\/\/planetaexo.com\/pt\/contato\/#breadcrumb\",\"itemListElement\":[{\"@type\":\"ListItem\",\"position\":1,\"name\":\"Home\",\"item\":\"https:\/\/planetaexo.com\/pt\/\"},{\"@type\":\"ListItem\",\"position\":2,\"name\":\"Contato\"}]},{\"@type\":\"WebSite\",\"@id\":\"https:\/\/planetaexo.com\/pt\/#website\",\"url\":\"https:\/\/planetaexo.com\/pt\/\",\"name\":\"PlanetaEXO\",\"description\":\"Live an Adventure\",\"publisher\":{\"@id\":\"https:\/\/planetaexo.com\/pt\/#organization\"},\"potentialAction\":[{\"@type\":\"SearchAction\",\"target\":{\"@type\":\"EntryPoint\",\"urlTemplate\":\"https:\/\/planetaexo.com\/pt\/?s={search_term_string}\"},\"query-input\":{\"@type\":\"PropertyValueSpecification\",\"valueRequired\":true,\"valueName\":\"search_term_string\"}}],\"inLanguage\":\"pt-BR\"},{\"@type\":\"Organization\",\"@id\":\"https:\/\/planetaexo.com\/pt\/#organization\",\"name\":\"PlanetaEXO\",\"url\":\"https:\/\/planetaexo.com\/pt\/\",\"logo\":{\"@type\":\"ImageObject\",\"inLanguage\":\"pt-BR\",\"@id\":\"https:\/\/planetaexo.com\/pt\/#\/schema\/logo\/image\/\",\"url\":\"https:\/\/planetaexo.com\/wp-content\/uploads\/2023\/10\/cropped-favicon_logoexo-min-1.png\",\"contentUrl\":\"https:\/\/planetaexo.com\/wp-content\/uploads\/2023\/10\/cropped-favicon_logoexo-min-1.png\",\"width\":512,\"height\":512,\"caption\":\"PlanetaEXO\"},\"image\":{\"@id\":\"https:\/\/planetaexo.com\/pt\/#\/schema\/logo\/image\/\"},\"sameAs\":[\"https:\/\/instagram.com\/planetaexo\"]}]}<\/script>\n<!-- \/ Yoast SEO Premium plugin. -->","yoast_head_json":{"title":"Contato - PlanetaEXO","description":"Pronto para embarcar em sua pr\u00f3xima grande aventura? Entre em contato conosco hoje mesmo para obter orienta\u00e7\u00e3o especializada, itiner\u00e1rios personalizados e experi\u00eancias inesquec\u00edveis.","robots":{"index":"index","follow":"follow","max-snippet":"max-snippet:-1","max-image-preview":"max-image-preview:large","max-video-preview":"max-video-preview:-1"},"canonical":"https:\/\/planetaexo.com\/pt\/contato\/","og_locale":"pt_BR","og_type":"article","og_title":"Contato - PlanetaEXO","og_description":"Pronto para embarcar em sua pr\u00f3xima grande aventura? Entre em contato conosco hoje mesmo para obter orienta\u00e7\u00e3o especializada, itiner\u00e1rios personalizados e experi\u00eancias inesquec\u00edveis.","og_url":"https:\/\/planetaexo.com\/pt\/contato\/","og_site_name":"PlanetaEXO","article_modified_time":"2024-03-16T23:31:50+00:00","og_image":[{"url":"https:\/\/planetaexo.com\/wp-content\/uploads\/2022\/01\/Featured_YogaRetreat-1.jpeg","type":"","width":"","height":""}],"twitter_card":"summary_large_image","twitter_title":"Contato","twitter_image":"https:\/\/planetaexo.com\/wp-content\/uploads\/2022\/01\/Featured_YogaRetreat-1.jpeg","twitter_misc":{"Est. tempo de leitura":"6 minutos"},"schema":{"@context":"https:\/\/schema.org","@graph":[{"@type":"WebPage","@id":"https:\/\/planetaexo.com\/pt\/contato\/","url":"https:\/\/planetaexo.com\/pt\/contato\/","name":"Contato - PlanetaEXO","isPartOf":{"@id":"https:\/\/planetaexo.com\/pt\/#website"},"datePublished":"2023-09-12T01:23:43+00:00","dateModified":"2024-03-16T23:31:50+00:00","description":"Pronto para embarcar em sua pr\u00f3xima grande aventura? Entre em contato conosco hoje mesmo para obter orienta\u00e7\u00e3o especializada, itiner\u00e1rios personalizados e experi\u00eancias inesquec\u00edveis.","breadcrumb":{"@id":"https:\/\/planetaexo.com\/pt\/contato\/#breadcrumb"},"inLanguage":"pt-BR","potentialAction":[{"@type":"ReadAction","target":["https:\/\/planetaexo.com\/pt\/contato\/"]}]},{"@type":"BreadcrumbList","@id":"https:\/\/planetaexo.com\/pt\/contato\/#breadcrumb","itemListElement":[{"@type":"ListItem","position":1,"name":"Home","item":"https:\/\/planetaexo.com\/pt\/"},{"@type":"ListItem","position":2,"name":"Contato"}]},{"@type":"WebSite","@id":"https:\/\/planetaexo.com\/pt\/#website","url":"https:\/\/planetaexo.com\/pt\/","name":"PlanetaEXO","description":"Live an Adventure","publisher":{"@id":"https:\/\/planetaexo.com\/pt\/#organization"},"potentialAction":[{"@type":"SearchAction","target":{"@type":"EntryPoint","urlTemplate":"https:\/\/planetaexo.com\/pt\/?s={search_term_string}"},"query-input":{"@type":"PropertyValueSpecification","valueRequired":true,"valueName":"search_term_string"}}],"inLanguage":"pt-BR"},{"@type":"Organization","@id":"https:\/\/planetaexo.com\/pt\/#organization","name":"PlanetaEXO","url":"https:\/\/planetaexo.com\/pt\/","logo":{"@type":"ImageObject","inLanguage":"pt-BR","@id":"https:\/\/planetaexo.com\/pt\/#\/schema\/logo\/image\/","url":"https:\/\/planetaexo.com\/wp-content\/uploads\/2023\/10\/cropped-favicon_logoexo-min-1.png","contentUrl":"https:\/\/planetaexo.com\/wp-content\/uploads\/2023\/10\/cropped-favicon_logoexo-min-1.png","width":512,"height":512,"caption":"PlanetaEXO"},"image":{"@id":"https:\/\/planetaexo.com\/pt\/#\/schema\/logo\/image\/"},"sameAs":["https:\/\/instagram.com\/planetaexo"]}]}},"_links":{"self":[{"href":"https:\/\/planetaexo.com\/pt\/wp-json\/wp\/v2\/pages\/17112","targetHints":{"allow":["GET"]}}],"collection":[{"href":"https:\/\/planetaexo.com\/pt\/wp-json\/wp\/v2\/pages"}],"about":[{"href":"https:\/\/planetaexo.com\/pt\/wp-json\/wp\/v2\/types\/page"}],"author":[{"embeddable":true,"href":"https:\/\/planetaexo.com\/pt\/wp-json\/wp\/v2\/users\/19"}],"replies":[{"embeddable":true,"href":"https:\/\/planetaexo.com\/pt\/wp-json\/wp\/v2\/comments?post=17112"}],"version-history":[{"count":3,"href":"https:\/\/planetaexo.com\/pt\/wp-json\/wp\/v2\/pages\/17112\/revisions"}],"predecessor-version":[{"id":18956,"href":"https:\/\/planetaexo.com\/pt\/wp-json\/wp\/v2\/pages\/17112\/revisions\/18956"}],"wp:attachment":[{"href":"https:\/\/planetaexo.com\/pt\/wp-json\/wp\/v2\/media?parent=17112"}],"curies":[{"name":"wp","href":"https:\/\/api.w.org\/{rel}","templated":true}]}}